{"id":346,"date":"2022-07-17T15:37:09","date_gmt":"2022-07-17T15:37:09","guid":{"rendered":"http:\/\/www.literariacentro.org\/revista-literaria-enlinea\/?page_id=346"},"modified":"2024-12-03T01:56:07","modified_gmt":"2024-12-03T01:56:07","slug":"indice","status":"publish","type":"page","link":"http:\/\/www.literariacentro.org\/revista-literaria-enlinea\/indice\/","title":{"rendered":"\u00cdndice"},"content":{"rendered":"<p><strong>#1. <a href=\"http:\/\/www.literariacentro.org\/revista-literaria-enlinea\/juan-manuel-torres-el-viaje-literario\/\">El viaje literario<\/a>. Juan Manuel Torres<\/strong><\/p>\n<ol>\n<li><a href=\"http:\/\/www.literariacentro.org\/revista-literaria-enlinea\/textos\/hermes-y-el-viajero\/\">Hermes y el viajero<\/a>. Antonio V\u00e1squez.<\/li>\n<li><a href=\"http:\/\/www.literariacentro.org\/revista-literaria-enlinea\/textos\/viaje-aun-por-llegar\/\">El fin del viaje a\u00fan est\u00e1 por llegar.<\/a> <span style=\"color: #000000;\">Gabriela Cordourier Real.<\/span><\/li>\n<li><a href=\"http:\/\/www.literariacentro.org\/revista-literaria-enlinea\/textos\/patria-imaginaria\/\">Ulises, Eneas y Abraham, la patria imaginaria.<\/a> Rodolfo Lezama.<\/li>\n<li><a href=\"http:\/\/www.literariacentro.org\/revista-literaria-enlinea\/textos\/otra-virginidad\/\">\u00bfLa otra virginidad?<\/a> Leinad Nu\u00f1o.<\/li>\n<li><a href=\"http:\/\/www.literariacentro.org\/revista-literaria-enlinea\/resenas\/margenes-del-mundo\/\">En los m\u00e1rgenes del mundo.<\/a> Antonio Santiago.<\/li>\n<li><a href=\"http:\/\/www.literariacentro.org\/revista-literaria-enlinea\/textos\/suicidios-efectivos\/\">Servicios integrales de Suicidios Efectivos S.A. de C.V.<\/a> Nora Coss.<\/li>\n<li><a href=\"http:\/\/www.literariacentro.org\/revista-literaria-enlinea\/resenas\/fantasmas-ron\/\">Fantasmas y ron.<\/a> Lola Ancira.<\/li>\n<li><a href=\"https:\/\/www.literariacentro.org\/revista-literaria\/textos\/sushi-y-esgrima\/\">Sushi y esgrima.<\/a> Libertad Pantoja.<\/li>\n<li><a href=\"https:\/\/www.literariacentro.org\/revista-literaria\/textos\/morir-dos-veces\/\">Morir dos veces.<\/a> Maricruz Illanez.<\/li>\n<li><a href=\"https:\/\/www.literariacentro.org\/revista-literaria\/textos\/arenas-adelanto-de-novela\/\">Arenas.<\/a> Irma Porras.<\/li>\n<\/ol>\n<p><strong>#2. <a href=\"http:\/\/www.literariacentro.org\/revista-2o\/belleza-de-la-sombra\/\">La belleza de la sombra<\/a>. Guadalupe Due\u00f1as.\u00a0<\/strong><\/p>\n<ol>\n<li><a href=\"http:\/\/www.literariacentro.org\/revista-2o\/textos\/guia-de-la-muerte\/\">Gu\u00eda en la muerte.<\/a> X\u00f3chitl Olivera Lagunes.<\/li>\n<li><a href=\"http:\/\/www.literariacentro.org\/revista-2o\/textos\/la-mujer-con-tigres-bajo-la-cama\/\">La mujer con tigres bajo la cama<\/a>. Libertad Pantoja.<\/li>\n<li><a href=\"http:\/\/www.literariacentro.org\/revista-2o\/textos\/soledad\/\">Soledad entre alima\u00f1as<\/a>. Julia Ival\u00fa.<\/li>\n<li><a href=\"http:\/\/www.literariacentro.org\/revista-2o\/textos\/entrevista\/\">Pita Due\u00f1a: entrevista a Beatriz Espejo<\/a>. Gabriela Padilla.<\/li>\n<li><a href=\"http:\/\/www.literariacentro.org\/revista-2o\/textos\/mulata-2\/\">Mulata, A ti regreso y Agogo<\/a>. Oliet Rodr\u00edguez.<\/li>\n<li><a href=\"http:\/\/www.literariacentro.org\/revista-2o\/resenas\/infinito-vendaval\/\">Infinito vendaval<\/a>. Mara Yudith Abdala Torres.<\/li>\n<li><a href=\"http:\/\/www.literariacentro.org\/revista-2o\/textos\/cuando-la-lluvia-termino\/\">Cuando la lluvia termin\u00f3<\/a>. Gabriela Padilla.<\/li>\n<\/ol>\n<p><strong>#3. <a href=\"https:\/\/literariacentro.org\/revista-3\/muerte-fertil\/\">La muerte f\u00e9rtil<\/a><\/strong><\/p>\n<ol>\n<li><a href=\"https:\/\/literariacentro.org\/revista-3\/textos\/no-sin-mi-reflejo\/\">No sin mi reflejo<\/a>. Isabel Mu\u00f1oz.<\/li>\n<li><a href=\"https:\/\/literariacentro.org\/revista-3\/textos\/cucaracha-de-reflexiones\/\">Cucaracha de reflexiones o reflexiones de cucaracha<\/a>.\u00a0Cristophorus Robin.<\/li>\n<li><a href=\"https:\/\/literariacentro.org\/revista-3\/textos\/mi-iceberg\/\">Mi iceberg<\/a>. Gabriela Gonz\u00e1lez.<\/li>\n<li><a href=\"https:\/\/literariacentro.org\/revista-3\/textos\/maria-negra\/\">Mar\u00eda negra<\/a>. Camilo Villegas Restrepo.<\/li>\n<li><a href=\"https:\/\/literariacentro.org\/revista-3\/textos\/las-senoras-yapp-y-lamb\/\">Las se\u00f1oras Yapp y Lamb<\/a>. Graham Stanley.<\/li>\n<li><a href=\"https:\/\/literariacentro.org\/revista-3\/textos\/mision-planeta-tierra\/\">Misi\u00f3n planeta tierra<\/a>. Roc\u00edo Cornelio.<\/li>\n<li><a href=\"https:\/\/literariacentro.org\/revista-3\/textos\/el-ladron-y-la-dama\/\">El ladr\u00f3n y la dama.<\/a> Ricardo Garc\u00eda.<\/li>\n<li><a href=\"https:\/\/literariacentro.org\/revista-3\/textos\/tres-poemas\/\">Tres poemas<\/a>. Vanessa Fern\u00e1ndez Carlos.<\/li>\n<li><a href=\"https:\/\/literariacentro.org\/revista-3\/textos\/inicio\/\">Inicio<\/a>. Carlos Andr\u00e9s Rivera Olvera.<\/li>\n<\/ol>\n<p><strong>#4. <a href=\"https:\/\/literariacentro.org\/revista-4\/novela-revolucion\/\">Novela de la Revoluci\u00f3n<\/a><\/strong><\/p>\n<ol>\n<li><a href=\"https:\/\/literariacentro.org\/revista-4\/textos\/revolucion-y-ruptura-del-mito\/\">Revoluci\u00f3n: ruptura del mito<\/a>. Sergio H. Garc\u00eda.<\/li>\n<li><a href=\"https:\/\/literariacentro.org\/revista-4\/textos\/aqui-no-vive-mexico\/\">Aqu\u00ed no vive M\u00e9xico<\/a>. David A. Sida Medina.<\/li>\n<li><a href=\"https:\/\/literariacentro.org\/revista-4\/textos\/balas-de-esperanza\/\">Balas de esperanza<\/a>. Concepci\u00f3n Ocadiz.<\/li>\n<li><a href=\"https:\/\/literariacentro.org\/revista-4\/textos\/el-peso-del-atraso\/\">El peso del atraso<\/a>. Jos\u00e9 Palomares Santos.<\/li>\n<li><a href=\"https:\/\/literariacentro.org\/revista-4\/textos\/cartucho\/\">Cartucho<\/a>. Humberto Or\u00edgenes Romero.<\/li>\n<li><a href=\"https:\/\/literariacentro.org\/revista-4\/textos\/novela-clasica\/\">Una novela cl\u00e1sica<\/a>. Gabriela Trejo.<\/li>\n<li><a href=\"https:\/\/literariacentro.org\/revista-4\/textos\/san-isidro\/\">San Isidro, Julia y la Revoluci\u00f3n<\/a>. Esther Orozco.<\/li>\n<li><a href=\"https:\/\/literariacentro.org\/revista-4\/textos\/suerte-de-un-enterrador\/\">La suerte del enterrador<\/a>. Annabell D\u00edaz Su\u00e1rez.<\/li>\n<li><a href=\"https:\/\/literariacentro.org\/revista-4\/textos\/senor-de-las-mascaras\/\">Se\u00f1or de las m\u00e1scaras<\/a>. Ricardo Garc\u00eda.<\/li>\n<\/ol>\n<p><strong>Otros textos<\/strong><\/p>\n<ol>\n<li><a href=\"https:\/\/www.literariacentro.org\/revista-literaria\/textos\/sushi-y-esgrima\/\">Sushi y esgrima.<\/a> Libertad Pantoja.<\/li>\n<li><a href=\"https:\/\/www.literariacentro.org\/revista-literaria\/textos\/alalimon-cuento\/\">Alalim\u00f3n.<\/a> Mario Gonz\u00e1lez Su\u00e1rez.<\/li>\n<li><a href=\"https:\/\/www.literariacentro.org\/revista-literaria\/textos\/tiempo-de-miedo\/\">Tiempo de miedo.<\/a> Leinad Nu\u00f1o.<\/li>\n<\/ol>\n","protected":false},"excerpt":{"rendered":"<p>#1. El viaje literario. Juan Manuel Torres Hermes y el viajero. Antonio V\u00e1squez. El fin del viaje a\u00fan est\u00e1 por llegar. Gabriela Cordourier Real. Ulises, Eneas y Abraham, la patria imaginaria. Rodolfo Lezama. \u00bfLa otra virginidad? Leinad Nu\u00f1o. En los m\u00e1rgenes del mundo. Antonio Santiago. Servicios integrales de Suicidios Efectivos S.A. de C.V. Nora Coss. [&hellip;]<\/p>\n","protected":false},"author":1,"featured_media":0,"parent":0,"menu_order":0,"comment_status":"closed","ping_status":"closed","template":"","meta":{"footnotes":""},"class_list":["post-346","page","type-page","status-publish","hentry"],"_links":{"self":[{"href":"http:\/\/www.literariacentro.org\/revista-literaria-enlinea\/wp-json\/wp\/v2\/pages\/346","targetHints":{"allow":["GET"]}}],"collection":[{"href":"http:\/\/www.literariacentro.org\/revista-literaria-enlinea\/wp-json\/wp\/v2\/pages"}],"about":[{"href":"http:\/\/www.literariacentro.org\/revista-literaria-enlinea\/wp-json\/wp\/v2\/types\/page"}],"author":[{"embeddable":true,"href":"http:\/\/www.literariacentro.org\/revista-literaria-enlinea\/wp-json\/wp\/v2\/users\/1"}],"replies":[{"embeddable":true,"href":"http:\/\/www.literariacentro.org\/revista-literaria-enlinea\/wp-json\/wp\/v2\/comments?post=346"}],"version-history":[{"count":17,"href":"http:\/\/www.literariacentro.org\/revista-literaria-enlinea\/wp-json\/wp\/v2\/pages\/346\/revisions"}],"predecessor-version":[{"id":371,"href":"http:\/\/www.literariacentro.org\/revista-literaria-enlinea\/wp-json\/wp\/v2\/pages\/346\/revisions\/371"}],"wp:attachment":[{"href":"http:\/\/www.literariacentro.org\/revista-literaria-enlinea\/wp-json\/wp\/v2\/media?parent=346"}],"curies":[{"name":"wp","href":"https:\/\/api.w.org\/{rel}","templated":true}]}}